{"id":51,"date":"2025-07-17T22:26:23","date_gmt":"2025-07-17T20:26:23","guid":{"rendered":"https:\/\/cursesorientacio.cat.robotics.cat\/?page_id=51"},"modified":"2025-08-20T23:52:12","modified_gmt":"2025-08-20T21:52:12","slug":"politica-de-privacidad","status":"publish","type":"page","link":"https:\/\/cursesorientacio.cat\/es\/politica-de-privacidad\/","title":{"rendered":"Pol\u00edtica de privacidad"},"content":{"rendered":"<p><\/p>\n\n\n\n<h4 class=\"wp-block-heading\">Qui\u00e9nes somos<\/h4>\n\n\n\n<p>La direcci\u00f3n de nuestra web es: <a class=\"\" href=\"https:\/\/cursesorientacio.cat.robotics.cat\">https:\/\/cursesorientacio.cat.<\/a><\/p>\n\n\n\n<p>La finalidad del Sitio Web es: facilitar informaci\u00f3n del calendario de carreras de orientaci\u00f3n<\/p>\n\n\n\n<h4 class=\"wp-block-heading\">Medios<\/h4>\n\n\n\n<p>Si subes im\u00e1genes a la web, deber\u00edas evitar subir im\u00e1genes con datos de localizaci\u00f3n (GPS EXIF) incluidos. Los visitantes de la web pueden descargar y extraer cualquier dato de localizaci\u00f3n de las im\u00e1genes de la web.<\/p>\n\n\n\n<h4 class=\"wp-block-heading\">Contenido incrustado de otros sitios web<\/h4>\n\n\n\n<p>Los art\u00edculos de este sitio pueden incluir contenido incrustado (por ejemplo, v\u00eddeos, im\u00e1genes, art\u00edculos, etc.). El contenido incrustado de otras webs se comporta exactamente de la misma forma que si el visitante hubiera visitado la otra web.<\/p>\n\n\n\n<p>Estas webs pueden recopilar datos sobre ti, utilizar cookies, incrustar un seguimiento adicional de terceros, y supervisar tu interacci\u00f3n con ese contenido incrustado, incluido el seguimiento de tu interacci\u00f3n con el contenido incrustado si tienes una cuenta y est\u00e1s conectado a esta web.<\/p>\n\n\n\n<h4 class=\"wp-block-heading\">\u00bfCu\u00e1nto tiempo conservamos tus datos<\/h4>\n\n\n\n<p>Si dejas un comentario, el comentario y sus metadatos se conservan indefinidamente. Esto se debe a que podamos reconocer y aprobar comentarios sucesivos autom\u00e1ticamente, en lugar de mantenerlos en una cola de moderaci\u00f3n.<\/p>\n\n\n\n<p>De los usuarios que se registran en nuestra web (si existen), tambi\u00e9n almacenamos la informaci\u00f3n personal que proporcionan a su perfil de usuario. Todos los usuarios pueden ver, editar o eliminar su informaci\u00f3n personal en cualquier momento (salvo que no pueden cambiar su nombre de usuario). Los administradores de la web tambi\u00e9n pueden ver y editar esta informaci\u00f3n.<\/p>\n\n\n\n<h4 class=\"wp-block-heading\">Qu\u00e9 derechos tienes sobre tus datos<\/h4>\n\n\n\n<p>Si tienes una cuenta o has dejado comentarios en esta web, puedes solicitar recibir un archivo de exportaci\u00f3n de los datos personales que tenemos sobre ti, incluyendo cualquier dato que nos hayas proporcionado. Tambi\u00e9n puedes solicitar que eliminemos cualquier dato personal que tengamos sobre ti. Esto no incluye ning\u00fan dato que estemos obligados a conservar con fines administrativos, legales o de seguridad.<\/p>\n\n\n\n<h4 class=\"wp-block-heading\">Donde se env\u00edan tus datos<\/h4>\n\n\n\n<p>Los comentarios de los visitantes puede que les revise un servicio de detecci\u00f3n autom\u00e1tica de spam.<\/p>\n\n\n\n<p><\/p>\n\n\n\n<h2 class=\"wp-block-heading\">Condiciones de uso<\/h2>\n\n\n\n<p>La utilizaci\u00f3n del sitio web otorga la condici\u00f3n de usuario, implicando la aceptaci\u00f3n completa de todas las cl\u00e1usulas y condiciones de uso incluidas en esta p\u00e1gina.<br>Si no estuviera conforme con todas y cada una de estas cl\u00e1usulas y condiciones es necesario que se abstenga de utilizar el Sitio Web.<br>El acceso al Sitio Web no supone, en modo alguno, el inicio de una relaci\u00f3n comercial con el Titular.<\/p>\n\n\n\n<p>A trav\u00e9s del Sitio Web, el Titular le facilita el acceso y utilizaci\u00f3n de diversos contenidos que el Titular y\/o sus colaboradores han publicado a trav\u00e9s de Internet.<br>A tal efecto, est\u00e1 obligado y comprometido a NO utilizar cualquiera de los contenidos del Sitio Web con fines o efectos il\u00edcitos, prohibidos en este Aviso Legal o por la legislaci\u00f3n vigente, de los derechos e intereses de terceros, o que de cualquier forma puedan da\u00f1ar, inutilizar, sobrecargar, deteriorar o impedir la utilizaci\u00f3n normal de los contenidos, los equipos inform\u00e1ticos o los documentos, contratados por el Titular, de otros usuarios o de cualquier usuario de Internet.<\/p>\n\n\n\n<h2 class=\"wp-block-heading\">Medidas de seguridad<\/h2>\n\n\n\n<p>Los datos personales que faciliten al Titular pueden ser almacenados en bases de datos automatizados o no, su titularidad corresponde exclusivamente al Titular, que asume todas las medidas de \u00edndole t\u00e9cnica, organizativa y de seguridad que garantizan la confidencialidad, la integridad y la calidad de la informaci\u00f3n contenida en los mismos de acuerdo con lo establecido en la normativa vigente en protecci\u00f3n.<br>Sin embargo, debe ser consciente de las medidas de seguridad de los sistemas inform\u00e1ticos en Internet, no son fiables y que, por tanto, el Titular no puede garantizar la inexistencia de virus u otros elementos que puedan producir alteraciones en los sistemas inform\u00e1ticos (software y hardware) del usuario o en sus documentos electr\u00f3nicos y archivos contenidos en \u00e9stos, aunque el Titular pone todos los de estos elementos da\u00f1os.<\/p>\n\n\n\n<h2 class=\"wp-block-heading\">Contenidos<\/h2>\n\n\n\n<p>El Titular ha obtenido la informaci\u00f3n, contenido multimedia y materiales incluidos en el sitio web de fuentes que considera fiables, pero si bien ha tomado todas las medidas razonables para asegurarse de que la informaci\u00f3n contenida es correcta, el Titular no garantiza que sea exacta. , completa o actualizada. El Titular declina expresamente cualquier responsabilidad por error u omisi\u00f3n en la informaci\u00f3n contenida en las p\u00e1ginas del sitio Web.<br>Queda prohibido transmitir o enviar a trav\u00e9s del sitio web cualquier contenido ilegal o il\u00edcito, virus inform\u00e1ticos, o mensajes que, en general, afecten o violen derechos del Titular o de terceros.<br>Los contenidos del Sitio Web tienen \u00fanicamente una finalidad informativa y bajo ninguna circunstancia deben utilizarse ni considerarse como oferta de venta, solicitar una oferta de compra ni recomendaci\u00f3n para realizar cualquier otra operaci\u00f3n, salvo que as\u00ed se indique expresamente.<br>El Titular se reserva el derecho a modificar, suspender, cancelar o restringir el contenido del Sitio Web, los v\u00ednculos o la informaci\u00f3n obtenida a trav\u00e9s del Sitio Web, sin necesidad de previo aviso.<br>El Titular no es responsable de los da\u00f1os y perjuicios que pudieran derivarse de la utilizaci\u00f3n de la informaci\u00f3n del Sitio Web.<\/p>\n\n\n\n<h2 class=\"wp-block-heading\">Enlaza a otros sitios web<\/h2>\n\n\n\n<p>El Titular puede proporcionar el acceso a sitios web de terceros mediante enlaces con la finalidad exclusiva de informaci\u00f3n sobre la existencia de otras fuentes de informaci\u00f3n en Internet a las que podr\u00e1 ampliar los datos ofrecidos en el Sitio web.<br>Estos enlaces a otros sitios web no suponen en ning\u00fan caso una sugerencia o recomendaci\u00f3n para que visite las p\u00e1ginas web de destino, que est\u00e1n fuera del control del Titular, por lo que el Titular no es responsable del contenido de los sitios web vinculados ni del resultado que obtuvo al seguir los enlaces. Asimismo, el Titular no responde del enlace o enlaces situados en los sitios web vinculados a los que proporciona acceso.<br>El establecimiento del enlace no implica en ning\u00fan caso la existencia de relaciones entre el Titular y el propietario del sitio en el que se establece el enlace, ni la aceptaci\u00f3n o aprobaci\u00f3n por parte del Titular de sus contenidos o servicios.<br>Si accede a un sitio web externo desde un enlace que encuentra en el sitio web, deber\u00e1 leer la pol\u00edtica de privacidad del otro sitio web que puede ser diferente a este sitio web.<\/p>\n\n\n\n<h2 class=\"wp-block-heading\">Propiedad intelectual e industrial<\/h2>\n\n\n\n<p>Todos los derechos est\u00e1n reservados.<br>Todo acceso a este sitio web est\u00e1 sujeto a las siguientes condiciones: la reproducci\u00f3n, almacenamiento permanente y difusi\u00f3n de los contenidos o cualquier otro uso que tenga finalidad p\u00fablica o comercial queda expresamente prohibida sin<br>consentimiento previo y expreso del titular de la propiedad intelectual e industrial.<\/p>\n\n\n\n<h2 class=\"wp-block-heading\">Limitaci\u00f3n de responsabilidad<\/h2>\n\n\n\n<p>La informaci\u00f3n y servicios incluidos o disponibles a trav\u00e9s del sitio web pueden incluir incorrecciones o errores tipogr\u00e1ficos. De forma peri\u00f3dica el Titular incorpora mejoras y\/o cambios en la informaci\u00f3n contenida y\/o los Servicios que puede introducir en cualquier momento.<br>El Titular no declara ni garantiza que los servicios o contenidos sean interrumpidas o que est\u00e9n libres de errores, que los errores sean corregidos, o que el servicio o servidor que pone a disposici\u00f3n est\u00e9n libres de virus u otros componentes nocivos sin perjuicio de que el Titular realiza todos los esfuerzos para evitar este tipo de incidentes.<br>El Titular declina cualquier responsabilidad en caso de que existan interrupciones o mal funcionamiento de los servicios o contenidos ofrecidos en Internet, cualquiera que sea su causa. Igualmente. El Titular no se hace responsable de las ca\u00eddas de la red, p\u00e9rdidas de negocio a consecuencia de las ca\u00eddas, suspensiones temporales de fluido el\u00e9ctrico o cualquier otro tipo de da\u00f1o indirecto que pueda ser causado por causas ajenas al Titular.<br>Antes de tomar decisiones y\/o acciones en base a la informaci\u00f3n incluida en el sitio Web, el Titular le recomienda comprobar y contrastar la informaci\u00f3n recibida con otras fuentes.<\/p>\n\n\n\n<h2 class=\"wp-block-heading\">Jurisdicci\u00f3n<\/h2>\n\n\n\n<p>Este Aviso Legal se regula de forma integral por la legislaci\u00f3n espa\u00f1ola.<br>Siempre que no exista una norma que obligue a otra cosa, para cuantas preguntas se susciten sobre la interpretaci\u00f3n, aplicaci\u00f3n y cumplimiento de este Aviso Legal, as\u00ed como las reclamaciones que puedan derivarse de su uso, las partes acuerdan que la jurisdicci\u00f3n aplicable ser\u00e1 la de los juzgados y tribunales de la provincia de Barcelona, renunciando a cualquier otra jurisdicci\u00f3n.<\/p>\n\n\n\n<h2 class=\"wp-block-heading\">Contacto<\/h2>\n\n\n\n<p>En caso de que tenga cualquier duda sobre este Aviso Legal o si desea realizar cualquier comentario sobre el Sitio Web, puede enviar un mensaje de correo electr\u00f3nico a la direcci\u00f3n:\u00a0<a href=\"mailto:club@clubcoc.cat\">cursesorientacio@gmail.com<\/a><\/p>\n\n\n\n<hr class=\"wp-block-separator has-alpha-channel-opacity\"\/>\n\n\n\n<p><\/p>","protected":false},"excerpt":{"rendered":"<p>Qui som L\u2019adre\u00e7a de la nostra web \u00e9s: https:\/\/cursesorientacio.cat. La finalitat del Lloc Web \u00e9s: facilitar informaci\u00f3 del calendari de curses d&#8217;orientaci\u00f3 Mitjans Si puges imatges a la web, hauries d\u2019evitar pujar imatges amb dades de localitzaci\u00f3 (GPS EXIF) incloses. Els visitants de la web poden descarregar i extreure qualsevol dada de localitzaci\u00f3 de les [&hellip;]<\/p>\n","protected":false},"author":1,"featured_media":0,"parent":0,"menu_order":0,"comment_status":"closed","ping_status":"closed","template":"","meta":{"footnotes":""},"class_list":["post-51","page","type-page","status-publish","hentry"],"_links":{"self":[{"href":"https:\/\/cursesorientacio.cat\/es\/wp-json\/wp\/v2\/pages\/51","targetHints":{"allow":["GET"]}}],"collection":[{"href":"https:\/\/cursesorientacio.cat\/es\/wp-json\/wp\/v2\/pages"}],"about":[{"href":"https:\/\/cursesorientacio.cat\/es\/wp-json\/wp\/v2\/types\/page"}],"author":[{"embeddable":true,"href":"https:\/\/cursesorientacio.cat\/es\/wp-json\/wp\/v2\/users\/1"}],"replies":[{"embeddable":true,"href":"https:\/\/cursesorientacio.cat\/es\/wp-json\/wp\/v2\/comments?post=51"}],"version-history":[{"count":10,"href":"https:\/\/cursesorientacio.cat\/es\/wp-json\/wp\/v2\/pages\/51\/revisions"}],"predecessor-version":[{"id":331,"href":"https:\/\/cursesorientacio.cat\/es\/wp-json\/wp\/v2\/pages\/51\/revisions\/331"}],"wp:attachment":[{"href":"https:\/\/cursesorientacio.cat\/es\/wp-json\/wp\/v2\/media?parent=51"}],"curies":[{"name":"wp","href":"https:\/\/api.w.org\/{rel}","templated":true}]}}