{"id":51,"date":"2025-07-17T22:26:23","date_gmt":"2025-07-17T20:26:23","guid":{"rendered":"https:\/\/cursesorientacio.cat.robotics.cat\/?page_id=51"},"modified":"2025-08-20T23:52:12","modified_gmt":"2025-08-20T21:52:12","slug":"politica-de-privacidad","status":"publish","type":"page","link":"https:\/\/cursesorientacio.cat\/ca\/politica-de-privacidad\/","title":{"rendered":"Pol\u00edtica de privacitat"},"content":{"rendered":"\n<p><\/p>\n\n\n\n<h4 class=\"wp-block-heading\">Qui som<\/h4>\n\n\n\n<p>L\u2019adre\u00e7a de la nostra web \u00e9s: <a class=\"\" href=\"https:\/\/cursesorientacio.cat.robotics.cat\">https:\/\/cursesorientacio.cat.<\/a><\/p>\n\n\n\n<p>La finalitat del Lloc Web \u00e9s: facilitar informaci\u00f3 del calendari de curses d&#8217;orientaci\u00f3<\/p>\n\n\n\n<h4 class=\"wp-block-heading\">Mitjans<\/h4>\n\n\n\n<p>Si puges imatges a la web, hauries d\u2019evitar pujar imatges amb dades de localitzaci\u00f3 (GPS EXIF) incloses. Els visitants de la web poden descarregar i extreure qualsevol dada de localitzaci\u00f3 de les imatges de la web.<\/p>\n\n\n\n<h4 class=\"wp-block-heading\">Contingut incrustat d\u2019altres llocs web<\/h4>\n\n\n\n<p>Els articles d\u2019aquest lloc poden incloure contingut incrustat (per exemple, v\u00eddeos, imatges, articles, etc.). El contingut incrustat d\u2019altres webs es comporta exactament de la mateixa manera que si el visitant hagu\u00e9s visitat l\u2019altra web.<\/p>\n\n\n\n<p>Aquestes webs poden recopilar dades sobre tu, utilitzar galetes, incrustar un seguiment addicional de tercers, i supervisar la teva interacci\u00f3 amb aquest contingut incrustat, incl\u00f2s el seguiment de la teva interacci\u00f3 amb el contingut incrustat si tens un compte i est\u00e0s connectat a aquesta web.<\/p>\n\n\n\n<h4 class=\"wp-block-heading\">Quant de temps conservem les teves dades<\/h4>\n\n\n\n<p>Si deixes un comentari, el comentari i les seves metadades es conserven indefinidament. Aix\u00f2 \u00e9s perqu\u00e8 puguem recon\u00e8ixer i aprovar comentaris successius autom\u00e0ticament, en lloc de mantenir-los en una cua de moderaci\u00f3.<\/p>\n\n\n\n<p>Dels usuaris que es registren a la nostra web (si n\u2019hi ha), tamb\u00e9 emmagatzemem la informaci\u00f3 personal que proporcionen al seu perfil d\u2019usuari. Tots els usuaris poden veure, editar o eliminar la seva informaci\u00f3 personal en qualsevol moment (excepte que no poden canviar el seu nom d\u2019usuari). Els administradors de la web tamb\u00e9 poden veure i editar aquesta informaci\u00f3.<\/p>\n\n\n\n<h4 class=\"wp-block-heading\">Quins drets tens sobre les teves dades<\/h4>\n\n\n\n<p>Si tens un compte o has deixat comentaris en aquesta web, pots sol\u00b7licitar rebre un fitxer d\u2019exportaci\u00f3 de les dades personals que tenim sobre tu, incloent qualsevol dada que ens hagis proporcionat. Tamb\u00e9 pots sol\u00b7licitar que eliminem qualsevol dada personal que tinguem sobre tu. Aix\u00f2 no inclou cap dada que estiguem obligats a conservar amb finalitats administratives, legals o de seguretat.<\/p>\n\n\n\n<h4 class=\"wp-block-heading\">On s\u2019envien les teves dades<\/h4>\n\n\n\n<p>Els comentaris dels visitants pot ser que els revisi un servei de detecci\u00f3 autom\u00e0tica de correu brossa.<\/p>\n\n\n\n<p><\/p>\n\n\n\n<h2 class=\"wp-block-heading\">Condicions d\u2019\u00fas<\/h2>\n\n\n\n<p>La utilitzaci\u00f3 del lloc web atorga la condici\u00f3 d\u2019usuari, i implica l\u2019acceptaci\u00f3 completa de totes les cl\u00e0usules i condicions d\u2019\u00fas incloses en aquesta p\u00e0gina.<br>Si no estigu\u00e9s conforme amb totes i cada una d\u2019aquestes cl\u00e0usules i condicions cal que s\u2019abstingui d\u2019utilitzar el Lloc Web.<br>L\u2019acc\u00e9s al Lloc web no suposa, de cap manera, l\u2019inici d\u2019una relaci\u00f3 comercial amb el Titular.<\/p>\n\n\n\n<p>A trav\u00e9s del Lloc web, el Titular li facilita l\u2019acc\u00e9s i la utilitzaci\u00f3 de diversos continguts que el Titular&nbsp;i\/o&nbsp;els seus col\u00b7laboradors han publicat per mitj\u00e0 d\u2019Internet.<br>A tal efecte, est\u00e0 obligat i comprom\u00e8s a NO fer servir qualsevol dels continguts del Lloc Web amb fins o efectes il\u00b7l\u00edcits, prohibits en aquest Av\u00eds Legal o per la legislaci\u00f3 vigent,dels drets i interessos de tercers, o que de qualsevol forma puguin danyar, inutilitzar, sobrecarregar, deteriorar o impedir la utilitzaci\u00f3 normal dels continguts, els equips inform\u00e0tics o els documents, arxius i tota classe de continguts emmagatzemats en qualsevol equip inform\u00e0tic propis o contractats pel Titular, d\u2019altres usuaris o de qualsevol usuari d\u2019Internet.<\/p>\n\n\n\n<h2 class=\"wp-block-heading\">Mesures de seguretat<\/h2>\n\n\n\n<p>Les dades personals que faciliten al Titular poden ser emmagatzemades en bases de dades automatitzades o no, la seva titularitat correspon exclusivament al Titular, que assumeix totes les mesures d\u2019\u00edndole t\u00e8cnica, organitzativa i de seguretat que garanteixen la confidencialitat, la integritat i la qualitat de la informaci\u00f3 continguda en les mateixes d\u2019acord amb l\u2019establert a la normativa vigent en protecci\u00f3 de dades.<br>No obstant aix\u00f2, ha de ser conscient de les mesures de seguretat dels sistemes inform\u00e0tics a Internet, no s\u00f3n fiables i que, per&nbsp;tant,&nbsp;el Titular no pot garantir la inexist\u00e8ncia de virus o altres elements que puguin produir alteracions en els sistemes inform\u00e0tics (programari i&nbsp;hardware) de l\u2019usuari o en els seus documents electr\u00f2nics i arxius continguts&nbsp;en aquests, encara que el Titular posa tots els mitjans necessaris i pren les mesures de seguretat oportunes per evitar la pres\u00e8ncia d\u2019aquests elements danys.<\/p>\n\n\n\n<h2 class=\"wp-block-heading\">Continguts<\/h2>\n\n\n\n<p>El Titular ha obtingut la informaci\u00f3, el contingut multim\u00e8dia i els materials inclosos en el lloc web de fonts que considera fiables, per\u00f2, si b\u00e9 ha pres totes les mesures raonables per assegurar-se que la informaci\u00f3 continguda \u00e9s correcta, el Titular no garanteix que sigui exacta. , completa o actualitzada. El Titular declina expressament qualsevol responsabilitat per error o omissi\u00f3 en la informaci\u00f3 continguda a les p\u00e0gines del lloc Web.<br>Queda prohibit transmetre o enviar a trav\u00e9s del lloc web qualsevol contingut il\u00b7legal o il\u00b7l\u00edcit, virus inform\u00e0tics, o missatges que, en general, afecten o violen drets del Titular o de tercers.<br>Els continguts del Lloc Web tenen \u00fanicament una finalitat informativa i sota cap circumst\u00e0ncia s\u2019han d\u2019utilitzar ni considerar-se com a oferta de venda, sol\u00b7licitar una oferta de compra ni recomanaci\u00f3 per a&nbsp;fer&nbsp;qualsevol altra operaci\u00f3, tret que aix\u00ed s\u2019indiqui expressament.<br>El Titular es reserva el dret a modificar, suspendre, cancel\u00b7lar o restringir el contingut del Lloc Web, els vincles o la informaci\u00f3 obtinguda a trav\u00e9s del Lloc Web, sense necessitat de previ av\u00eds.<br>El Titular no \u00e9s responsable dels danys i perjudicis que poguessin derivar-se de la utilitzaci\u00f3 de la informaci\u00f3 del Lloc web.<\/p>\n\n\n\n<h2 class=\"wp-block-heading\">Enlla\u00e7a a altres llocs web<\/h2>\n\n\n\n<p>El Titular pot proporcionar l\u2019acc\u00e9s a llocs web de tercers mitjan\u00e7ant enlla\u00e7os amb la finalitat exclusiva d\u2019informaci\u00f3 sobre l\u2019exist\u00e8ncia d\u2019altres fonts d\u2019informaci\u00f3 a Internet a les quals podr\u00e0 ampliar les dades ofertes al Lloc web.<br>Aquests enlla\u00e7os a altres llocs web no suposen en cap cas un suggeriment o recomanaci\u00f3 perqu\u00e8 visiteu les p\u00e0gines web de destinaci\u00f3, que estan fora del control del Titular, per la qual cosa el Titular no \u00e9s responsable del contingut dels llocs web vinculats ni del resultat que obtingu\u00ed en seguir els enlla\u00e7os. Aix\u00ed mateix, el Titular no respon de l\u2019enlla\u00e7 o enlla\u00e7os situats als llocs web vinculats als quals proporciona acc\u00e9s.<br>L\u2019establiment de l\u2019enlla\u00e7 no implica en cap cas l\u2019exist\u00e8ncia de relacions entre el Titular i el propietari del lloc en el qual s\u2019estableix l\u2019enlla\u00e7, ni l\u2019acceptaci\u00f3 o aprovaci\u00f3 per part del Titular dels seus continguts o serveis.<br>Si accediu a un lloc web extern des d\u2019un enlla\u00e7 que trobeu al lloc web, haureu de llegir lapol\u00edtica de privadesa de l\u2019altre lloc web que pot ser diferent d\u2019aquest lloc web.<\/p>\n\n\n\n<h2 class=\"wp-block-heading\">Propietat intel\u00b7lectual i industrial<\/h2>\n\n\n\n<p>Tots els drets estan reservats.<br>Tot acc\u00e9s a aquest lloc web est\u00e0 subjecte a les seg\u00fcents condicions: la reproducci\u00f3, l\u2019emmagatzematge permanent i la difusi\u00f3 dels continguts o qualsevol altre \u00fas que tingui finalitat p\u00fablica o comercial queda expressament prohibida sense<br>consentiment previ i expr\u00e9s del titular de la propietat intel\u00b7lectual i industrial.<\/p>\n\n\n\n<h2 class=\"wp-block-heading\">Limitaci\u00f3 de responsabilitat<\/h2>\n\n\n\n<p>La informaci\u00f3 i serveis inclosos o disponibles a trav\u00e9s del lloc web poden incloure incorreccions o errors tipogr\u00e0fics. De forma peri\u00f2dica el Titular incorpora millores&nbsp;i\/o&nbsp;canvis a la informaci\u00f3 continguda&nbsp;i\/o&nbsp;els Serveis que pot introduir en qualsevol moment.<br>El Titular no declara ni garanteix que els serveis o continguts siguin interrompudes o que estiguin lliures d\u2019errors, que els errors siguin corregits, o que el servei o el servidor que posa a disposici\u00f3 estiguin lliures de virus o altres components nocius sense perjudici&nbsp;del fet que&nbsp;el&nbsp;Titular realitza tots els esfor\u00e7os per evitar aquest tipus d\u2019incidents.<br>El Titular declina qualsevol responsabilitat en cas&nbsp;que&nbsp;existeixin interrupcions o un mal funcionament dels serveis o continguts oferts a Internet, qualsevol que sigui la seva causa. Igualment. El Titular no es fa responsable de les caigudes de la xarxa, les p\u00e8rdues de negoci a conseq\u00fc\u00e8ncia de les caigudes, les suspensions temporals de fluid el\u00e8ctric o qualsevol altre tipus de dany indirecte que pugui ser causat per causes alienes al Titular.<br>Abans de prendre decisions&nbsp;i\/o&nbsp;accions amb base a la informaci\u00f3 inclosa&nbsp;en el&nbsp;lloc Web, el Titular li recomana comprovar i contrastar la informaci\u00f3 rebuda amb altres fonts.<\/p>\n\n\n\n<h2 class=\"wp-block-heading\">Jurisdicci\u00f3<\/h2>\n\n\n\n<p>Aquest Av\u00eds Legal es regula de manera integral per la legislaci\u00f3 espanyola.<br>Sempre que no hi hagi una norma que obligui a una altra cosa, per a quantes preguntes se susciten sobre la interpretaci\u00f3, l\u2019aplicaci\u00f3 i el compliment d\u2019aquest Av\u00eds Legal, aix\u00ed com les reclamacions que puguin derivar-se del seu \u00fas, les parts acorden que la jurisdicci\u00f3 aplicable ser\u00e0 la dels jutjats i tribunals de la prov\u00edncia de Barcelona, renunciant a qualsevol altra jurisdicci\u00f3 que pogu\u00e9s correspondre.<\/p>\n\n\n\n<h2 class=\"wp-block-heading\">Contacte<\/h2>\n\n\n\n<p>En el cas de que tingueu qualsevol dubte sobre aquest Av\u00eds Legal o si voleu realitzar qualsevol comentari sobre el Lloc Web, podeu enviar un missatge de correu electr\u00f2nic a la direcci\u00f3:\u00a0<a href=\"mailto:club@clubcoc.cat\">cursesorientacio@gmail.com<\/a><\/p>\n\n\n\n<hr class=\"wp-block-separator has-alpha-channel-opacity\"\/>\n\n\n\n<p><\/p>\n","protected":false},"excerpt":{"rendered":"<p>Qui som L\u2019adre\u00e7a de la nostra web \u00e9s: https:\/\/cursesorientacio.cat. La finalitat del Lloc Web \u00e9s: facilitar informaci\u00f3 del calendari de curses d&#8217;orientaci\u00f3 Mitjans Si puges imatges a la web, hauries d\u2019evitar pujar imatges amb dades de localitzaci\u00f3 (GPS EXIF) incloses. Els visitants de la web poden descarregar i extreure qualsevol dada de localitzaci\u00f3 de les [&hellip;]<\/p>\n","protected":false},"author":1,"featured_media":0,"parent":0,"menu_order":0,"comment_status":"closed","ping_status":"closed","template":"","meta":{"footnotes":""},"class_list":["post-51","page","type-page","status-publish","hentry"],"_links":{"self":[{"href":"https:\/\/cursesorientacio.cat\/ca\/wp-json\/wp\/v2\/pages\/51","targetHints":{"allow":["GET"]}}],"collection":[{"href":"https:\/\/cursesorientacio.cat\/ca\/wp-json\/wp\/v2\/pages"}],"about":[{"href":"https:\/\/cursesorientacio.cat\/ca\/wp-json\/wp\/v2\/types\/page"}],"author":[{"embeddable":true,"href":"https:\/\/cursesorientacio.cat\/ca\/wp-json\/wp\/v2\/users\/1"}],"replies":[{"embeddable":true,"href":"https:\/\/cursesorientacio.cat\/ca\/wp-json\/wp\/v2\/comments?post=51"}],"version-history":[{"count":10,"href":"https:\/\/cursesorientacio.cat\/ca\/wp-json\/wp\/v2\/pages\/51\/revisions"}],"predecessor-version":[{"id":331,"href":"https:\/\/cursesorientacio.cat\/ca\/wp-json\/wp\/v2\/pages\/51\/revisions\/331"}],"wp:attachment":[{"href":"https:\/\/cursesorientacio.cat\/ca\/wp-json\/wp\/v2\/media?parent=51"}],"curies":[{"name":"wp","href":"https:\/\/api.w.org\/{rel}","templated":true}]}}